{"id":4697,"date":"2023-12-01T02:07:42","date_gmt":"2023-12-01T00:07:42","guid":{"rendered":"https:\/\/hawanacyprus.com\/?post_type=product&#038;p=4697"},"modified":"2023-12-01T02:13:47","modified_gmt":"2023-12-01T00:13:47","slug":"gosset-champagne-celebris-rose-2008","status":"publish","type":"product","link":"https:\/\/hawanacyprus.com\/index.php\/product\/gosset-champagne-celebris-rose-2008\/","title":{"rendered":"GOSSET CHAMPAGNE CELEBRIS ROS\u00c9 2008"},"content":{"rendered":"<p style=\"font-weight: 400;\">Gosset Celebris Ros\u00e9 2008 is only the 4th edition of Gosset Celebris Ros\u00e9 in the last 25 years (1998, 2003 and 2007). This ultra confidential Cuv\u00e9e was produced at only 15,000 bottles for the world.<\/p>\n","protected":false},"excerpt":{"rendered":"<p style=\"font-weight: 400;\">Gosset Celebris Ros\u00e9 2008 is only the 4th edition of Gosset Celebris Ros\u00e9 in the last 25 years (1998, 2003 and 2007). This ultra confidential Cuv\u00e9e was produced at only 15,000 bottles for the world.<\/p>\n","protected":false},"featured_media":4698,"comment_status":"open","ping_status":"closed","template":"","meta":{"om_disable_all_campaigns":false,"_mi_skip_tracking":false,"_exactmetrics_sitenote_active":false,"_exactmetrics_sitenote_note":"","_exactmetrics_sitenote_category":0,"_monsterinsights_sitenote_active":false,"_monsterinsights_sitenote_note":"","_monsterinsights_sitenote_category":0,"_uf_show_specific_survey":0,"_uf_disable_surveys":false},"product_brand":[],"product_cat":[23],"product_tag":[],"class_list":{"0":"post-4697","1":"product","2":"type-product","3":"status-publish","4":"has-post-thumbnail","6":"product_cat-gosset-champagne","7":"zita-woo-hover-zoom","8":"zita-woo-alignment-left","9":"zita-shadow-2","10":"zita-shadow-hover-5","11":"zita-single-product-content-left","12":"zita-single-product-tab-","14":"first","15":"instock","16":"taxable","17":"shipping-taxable","18":"purchasable","19":"product-type-simple"},"aioseo_notices":[],"yoast_head":"<!-- This site is optimized with the Yoast SEO plugin v21.6 - https:\/\/yoast.com\/wordpress\/plugins\/seo\/ -->\n<title>GOSSET CHAMPAGNE CELEBRIS ROS\u00c9 2008 - Hawana Gift Boutique<\/title>\n<meta name=\"robots\" content=\"index, follow, max-snippet:-1, max-image-preview:large, max-video-preview:-1\" \/>\n<link rel=\"canonical\" href=\"https:\/\/hawanacyprus.com\/index.php\/product\/gosset-champagne-celebris-rose-2008\/\" \/>\n<meta property=\"og:locale\" content=\"en_US\" \/>\n<meta property=\"og:type\" content=\"article\" \/>\n<meta property=\"og:title\" content=\"GOSSET CHAMPAGNE CELEBRIS ROS\u00c9 2008 - Hawana Gift Boutique\" \/>\n<meta property=\"og:description\" content=\"Gosset Celebris Ros\u00e9 2008 is only the 4th edition of Gosset Celebris Ros\u00e9 in the last 25 years (1998, 2003 and 2007). This ultra confidential Cuv\u00e9e was produced at only 15,000 bottles for the world.\" \/>\n<meta property=\"og:url\" content=\"https:\/\/hawanacyprus.com\/index.php\/product\/gosset-champagne-celebris-rose-2008\/\" \/>\n<meta property=\"og:site_name\" content=\"Hawana Gift Boutique\" \/>\n<meta property=\"article:modified_time\" content=\"2023-12-01T00:13:47+00:00\" \/>\n<meta property=\"og:image\" content=\"https:\/\/hawanacyprus.com\/wp-content\/uploads\/2023\/12\/f49db1e0b1f968f18a1fa7d404fcb722e83d22aba22e70415c362de02fbc0a7b.webp\" \/>\n\t<meta property=\"og:image:width\" content=\"700\" \/>\n\t<meta property=\"og:image:height\" content=\"840\" \/>\n\t<meta property=\"og:image:type\" content=\"image\/webp\" \/>\n<meta name=\"twitter:card\" content=\"summary_large_image\" \/>\n<script type=\"application\/ld+json\" class=\"yoast-schema-graph\">{\"@context\":\"https:\/\/schema.org\",\"@graph\":[{\"@type\":\"WebPage\",\"@id\":\"https:\/\/hawanacyprus.com\/index.php\/product\/gosset-champagne-celebris-rose-2008\/\",\"url\":\"https:\/\/hawanacyprus.com\/index.php\/product\/gosset-champagne-celebris-rose-2008\/\",\"name\":\"GOSSET CHAMPAGNE CELEBRIS ROS\u00c9 2008 - Hawana Gift Boutique\",\"isPartOf\":{\"@id\":\"https:\/\/hawanacyprus.com\/#website\"},\"datePublished\":\"2023-12-01T00:07:42+00:00\",\"dateModified\":\"2023-12-01T00:13:47+00:00\",\"breadcrumb\":{\"@id\":\"https:\/\/hawanacyprus.com\/index.php\/product\/gosset-champagne-celebris-rose-2008\/#breadcrumb\"},\"inLanguage\":\"en-US\",\"potentialAction\":[{\"@type\":\"ReadAction\",\"target\":[\"https:\/\/hawanacyprus.com\/index.php\/product\/gosset-champagne-celebris-rose-2008\/\"]}]},{\"@type\":\"BreadcrumbList\",\"@id\":\"https:\/\/hawanacyprus.com\/index.php\/product\/gosset-champagne-celebris-rose-2008\/#breadcrumb\",\"itemListElement\":[{\"@type\":\"ListItem\",\"position\":1,\"name\":\"Home\",\"item\":\"https:\/\/hawanacyprus.com\/\"},{\"@type\":\"ListItem\",\"position\":2,\"name\":\"Shop\",\"item\":\"https:\/\/hawanacyprus.com\/index.php\/shop\/\"},{\"@type\":\"ListItem\",\"position\":3,\"name\":\"GOSSET CHAMPAGNE CELEBRIS ROS\u00c9 2008\"}]},{\"@type\":\"WebSite\",\"@id\":\"https:\/\/hawanacyprus.com\/#website\",\"url\":\"https:\/\/hawanacyprus.com\/\",\"name\":\"Hawana Gift Boutique\",\"description\":\"Gift shop, Wine store, shisha shop, cigar shop, tea shop in Limassol, Cyprus\",\"publisher\":{\"@id\":\"https:\/\/hawanacyprus.com\/#organization\"},\"potentialAction\":[{\"@type\":\"SearchAction\",\"target\":{\"@type\":\"EntryPoint\",\"urlTemplate\":\"https:\/\/hawanacyprus.com\/?s={search_term_string}\"},\"query-input\":\"required name=search_term_string\"}],\"inLanguage\":\"en-US\"},{\"@type\":\"Organization\",\"@id\":\"https:\/\/hawanacyprus.com\/#organization\",\"name\":\"Hawana Gift Boutique\",\"url\":\"https:\/\/hawanacyprus.com\/\",\"logo\":{\"@type\":\"ImageObject\",\"inLanguage\":\"en-US\",\"@id\":\"https:\/\/hawanacyprus.com\/#\/schema\/logo\/image\/\",\"url\":\"https:\/\/hawanacyprus.com\/wp-content\/uploads\/2020\/11\/cropped-output-fullonlinepngtools-1-2.png\",\"contentUrl\":\"https:\/\/hawanacyprus.com\/wp-content\/uploads\/2020\/11\/cropped-output-fullonlinepngtools-1-2.png\",\"width\":4582,\"height\":843,\"caption\":\"Hawana Gift Boutique\"},\"image\":{\"@id\":\"https:\/\/hawanacyprus.com\/#\/schema\/logo\/image\/\"}}]}<\/script>\n<!-- \/ Yoast SEO plugin. -->","yoast_head_json":{"title":"GOSSET CHAMPAGNE CELEBRIS ROS\u00c9 2008 - Hawana Gift Boutique","robots":{"index":"index","follow":"follow","max-snippet":"max-snippet:-1","max-image-preview":"max-image-preview:large","max-video-preview":"max-video-preview:-1"},"canonical":"https:\/\/hawanacyprus.com\/index.php\/product\/gosset-champagne-celebris-rose-2008\/","og_locale":"en_US","og_type":"article","og_title":"GOSSET CHAMPAGNE CELEBRIS ROS\u00c9 2008 - Hawana Gift Boutique","og_description":"Gosset Celebris Ros\u00e9 2008 is only the 4th edition of Gosset Celebris Ros\u00e9 in the last 25 years (1998, 2003 and 2007). This ultra confidential Cuv\u00e9e was produced at only 15,000 bottles for the world.","og_url":"https:\/\/hawanacyprus.com\/index.php\/product\/gosset-champagne-celebris-rose-2008\/","og_site_name":"Hawana Gift Boutique","article_modified_time":"2023-12-01T00:13:47+00:00","og_image":[{"width":700,"height":840,"url":"https:\/\/hawanacyprus.com\/wp-content\/uploads\/2023\/12\/f49db1e0b1f968f18a1fa7d404fcb722e83d22aba22e70415c362de02fbc0a7b.webp","type":"image\/webp"}],"twitter_card":"summary_large_image","schema":{"@context":"https:\/\/schema.org","@graph":[{"@type":"WebPage","@id":"https:\/\/hawanacyprus.com\/index.php\/product\/gosset-champagne-celebris-rose-2008\/","url":"https:\/\/hawanacyprus.com\/index.php\/product\/gosset-champagne-celebris-rose-2008\/","name":"GOSSET CHAMPAGNE CELEBRIS ROS\u00c9 2008 - Hawana Gift Boutique","isPartOf":{"@id":"https:\/\/hawanacyprus.com\/#website"},"datePublished":"2023-12-01T00:07:42+00:00","dateModified":"2023-12-01T00:13:47+00:00","breadcrumb":{"@id":"https:\/\/hawanacyprus.com\/index.php\/product\/gosset-champagne-celebris-rose-2008\/#breadcrumb"},"inLanguage":"en-US","potentialAction":[{"@type":"ReadAction","target":["https:\/\/hawanacyprus.com\/index.php\/product\/gosset-champagne-celebris-rose-2008\/"]}]},{"@type":"BreadcrumbList","@id":"https:\/\/hawanacyprus.com\/index.php\/product\/gosset-champagne-celebris-rose-2008\/#breadcrumb","itemListElement":[{"@type":"ListItem","position":1,"name":"Home","item":"https:\/\/hawanacyprus.com\/"},{"@type":"ListItem","position":2,"name":"Shop","item":"https:\/\/hawanacyprus.com\/index.php\/shop\/"},{"@type":"ListItem","position":3,"name":"GOSSET CHAMPAGNE CELEBRIS ROS\u00c9 2008"}]},{"@type":"WebSite","@id":"https:\/\/hawanacyprus.com\/#website","url":"https:\/\/hawanacyprus.com\/","name":"Hawana Gift Boutique","description":"Gift shop, Wine store, shisha shop, cigar shop, tea shop in Limassol, Cyprus","publisher":{"@id":"https:\/\/hawanacyprus.com\/#organization"},"potentialAction":[{"@type":"SearchAction","target":{"@type":"EntryPoint","urlTemplate":"https:\/\/hawanacyprus.com\/?s={search_term_string}"},"query-input":"required name=search_term_string"}],"inLanguage":"en-US"},{"@type":"Organization","@id":"https:\/\/hawanacyprus.com\/#organization","name":"Hawana Gift Boutique","url":"https:\/\/hawanacyprus.com\/","logo":{"@type":"ImageObject","inLanguage":"en-US","@id":"https:\/\/hawanacyprus.com\/#\/schema\/logo\/image\/","url":"https:\/\/hawanacyprus.com\/wp-content\/uploads\/2020\/11\/cropped-output-fullonlinepngtools-1-2.png","contentUrl":"https:\/\/hawanacyprus.com\/wp-content\/uploads\/2020\/11\/cropped-output-fullonlinepngtools-1-2.png","width":4582,"height":843,"caption":"Hawana Gift Boutique"},"image":{"@id":"https:\/\/hawanacyprus.com\/#\/schema\/logo\/image\/"}}]}},"jetpack_sharing_enabled":true,"_links":{"self":[{"href":"https:\/\/hawanacyprus.com\/index.php\/wp-json\/wp\/v2\/product\/4697","targetHints":{"allow":["GET"]}}],"collection":[{"href":"https:\/\/hawanacyprus.com\/index.php\/wp-json\/wp\/v2\/product"}],"about":[{"href":"https:\/\/hawanacyprus.com\/index.php\/wp-json\/wp\/v2\/types\/product"}],"replies":[{"embeddable":true,"href":"https:\/\/hawanacyprus.com\/index.php\/wp-json\/wp\/v2\/comments?post=4697"}],"wp:featuredmedia":[{"embeddable":true,"href":"https:\/\/hawanacyprus.com\/index.php\/wp-json\/wp\/v2\/media\/4698"}],"wp:attachment":[{"href":"https:\/\/hawanacyprus.com\/index.php\/wp-json\/wp\/v2\/media?parent=4697"}],"wp:term":[{"taxonomy":"product_brand","embeddable":true,"href":"https:\/\/hawanacyprus.com\/index.php\/wp-json\/wp\/v2\/product_brand?post=4697"},{"taxonomy":"product_cat","embeddable":true,"href":"https:\/\/hawanacyprus.com\/index.php\/wp-json\/wp\/v2\/product_cat?post=4697"},{"taxonomy":"product_tag","embeddable":true,"href":"https:\/\/hawanacyprus.com\/index.php\/wp-json\/wp\/v2\/product_tag?post=4697"}],"curies":[{"name":"wp","href":"https:\/\/api.w.org\/{rel}","templated":true}]}}