{"id":403,"date":"2020-12-12T10:15:53","date_gmt":"2020-12-12T10:15:53","guid":{"rendered":"http:\/\/hawanacyprus.com\/index.php\/product\/tequila-patron-reposado-70cl\/"},"modified":"2024-06-10T17:34:35","modified_gmt":"2024-06-10T14:34:35","slug":"tequila-patron-reposado-70cl","status":"publish","type":"product","link":"https:\/\/hawanacyprus.com\/index.php\/product\/tequila-patron-reposado-70cl\/","title":{"rendered":"Patr\u00f3n Tequila Reposado, 70cl"},"content":{"rendered":"<h2><img decoding=\"async\" class=\"\" style=\"font-size: 16px;\" src=\"https:\/\/m.media-amazon.com\/images\/S\/aplus-media\/vc\/cff34b2a-9a0b-4d48-8df4-9f3497e96287.__CR0,0,970,300_PT0_SX970_V1___.jpg\" alt=\"pb1\" data-src=\"https:\/\/m.media-amazon.com\/images\/S\/aplus-media\/vc\/cff34b2a-9a0b-4d48-8df4-9f3497e96287.__CR0,0,970,300_PT0_SX970_V1___.jpg\" \/><\/h2>\n<div class=\"aplus-v2 desktop celwidget\" data-cel-widget=\"aplus\" data-csa-c-id=\"ibmi45-14xiu5-yi0oss-k8s61s\">\n<div class=\"celwidget aplus-module module-11 aplus-standard\" data-cel-widget=\"aplus-module-11\" data-csa-c-id=\"bndqv0-t8iryq-iwiya0-m8t891\">\n<div class=\"a-expander-collapsed-height a-row a-expander-container a-expander-partial-collapse-container\" aria-live=\"polite\" data-a-expander-name=\"aplus-module-expander\" data-a-expander-collapsed-height=\"360\">\n<div class=\"a-expander-content a-expander-partial-collapse-content\" aria-expanded=\"false\">\n<div><\/div>\n<\/div>\n<\/div>\n<\/div>\n<div class=\"celwidget aplus-module module-3 aplus-standard\" data-cel-widget=\"aplus-module-3\" data-csa-c-id=\"hjyvrq-bd4uxd-t136yr-93gx4z\">\n<div class=\"a-expander-collapsed-height a-row a-expander-container a-expander-partial-collapse-container\" aria-live=\"polite\" data-a-expander-name=\"aplus-module-expander\" data-a-expander-collapsed-height=\"700\">\n<div class=\"a-expander-content a-expander-partial-collapse-content\" aria-expanded=\"false\">\n<div class=\"aplus-module-wrapper apm-floatnone apm-fixed-width\">\n<div class=\"apm-sidemodule apm-spacing\">\n<div class=\"apm-sidemodule-imageright\"><img decoding=\"async\" class=\"a-spacing-mini\" src=\"https:\/\/m.media-amazon.com\/images\/S\/aplus-media\/vc\/432fc2bb-dbcd-4c06-845d-1140699d3227.__CR0,0,1000,1000_PT0_SX300_V1___.jpg\" alt=\"pm1\" data-src=\"https:\/\/m.media-amazon.com\/images\/S\/aplus-media\/vc\/432fc2bb-dbcd-4c06-845d-1140699d3227.__CR0,0,1000,1000_PT0_SX300_V1___.jpg\" \/><\/div>\n<div class=\"apm-sidemodule-textleft\">\n<h3 class=\"a-spacing-mini\">Inside The Iconic Bottle<\/h3>\n<p>A distinctly barrel-aged spirit. Patr\u00f3n A\u00f1ejo develops a sweeter profile over time due to its interaction with oak barrels for 12 to 15 months. Big wood notes become prevalent during this time without overpowering the baked agave flavours that are uniquely Patr\u00f3n. Perfect for sipping or in your favourite cocktail, the spirit also features an elegant, smoky sweet finish.<\/p>\n<\/div>\n<\/div>\n<\/div>\n<div><\/div>\n<\/div>\n<\/div>\n<\/div>\n<div class=\"celwidget aplus-module module-9 aplus-standard\" data-cel-widget=\"aplus-module-9\" data-csa-c-id=\"nhkta3-3nrvuc-4rfx5d-1r3s23\">\n<div class=\"a-expander-collapsed-height a-row a-expander-container a-expander-partial-collapse-container\" aria-live=\"polite\" data-a-expander-name=\"aplus-module-expander\" data-a-expander-collapsed-height=\"700\">\n<div class=\"a-expander-content a-expander-partial-collapse-content\" aria-expanded=\"false\">\n<div class=\"aplus-module-wrapper apm-fixed-width\">\n<div class=\"apm-spacing apm-fixed-width\">\n<table class=\"apm-fixed-width apm-eventhirdcol-table\">\n<tbody>\n<tr>\n<th class=\"apm-center\">\n<div class=\"apm-eventhirdcol apm-floatleft\">\n<p><img decoding=\"async\" class=\"a-spacing-mini\" src=\"https:\/\/m.media-amazon.com\/images\/S\/aplus-media\/vc\/7108843b-19b1-4931-91f2-f60e28106cff.__CR0,0,1000,1000_PT0_SX300_V1___.jpg\" alt=\"pk1\" data-src=\"https:\/\/m.media-amazon.com\/images\/S\/aplus-media\/vc\/7108843b-19b1-4931-91f2-f60e28106cff.__CR0,0,1000,1000_PT0_SX300_V1___.jpg\" \/><\/p>\n<\/div>\n<\/th>\n<th class=\"apm-center\">\n<div class=\"apm-eventhirdcol apm-floatleft\">\n<p><img decoding=\"async\" class=\"a-spacing-mini\" src=\"https:\/\/m.media-amazon.com\/images\/S\/aplus-media\/vc\/ac6883f0-9812-4a6b-bc4f-f1dd0c00621e.__CR0,0,1000,1000_PT0_SX300_V1___.jpg\" alt=\"pk2\" data-src=\"https:\/\/m.media-amazon.com\/images\/S\/aplus-media\/vc\/ac6883f0-9812-4a6b-bc4f-f1dd0c00621e.__CR0,0,1000,1000_PT0_SX300_V1___.jpg\" \/><\/p>\n<\/div>\n<\/th>\n<th class=\"apm-center\">\n<div class=\"apm-eventhirdcol apm-floatleft\">\n<p><img decoding=\"async\" class=\"a-spacing-mini\" src=\"https:\/\/m.media-amazon.com\/images\/S\/aplus-media\/vc\/7a33d8ca-dfdf-49dd-baaf-073c9093a740.__CR0,0,1000,1000_PT0_SX300_V1___.jpg\" alt=\"pk3\" data-src=\"https:\/\/m.media-amazon.com\/images\/S\/aplus-media\/vc\/7a33d8ca-dfdf-49dd-baaf-073c9093a740.__CR0,0,1000,1000_PT0_SX300_V1___.jpg\" \/><\/p>\n<\/div>\n<\/th>\n<\/tr>\n<tr>\n<td class=\"apm-top\">\n<div class=\"apm-eventhirdcol apm-floatleft\">\n<h4 class=\"a-spacing-mini\">Made with 100% Weber Blue Agave<\/h4>\n<p>At Hacienda Patr\u00f3n, only the finest agave plants are harvested to make our ultra-premium tequilas.<\/p>\n<\/div>\n<\/td>\n<td class=\"apm-top\">\n<div class=\"apm-eventhirdcol apm-floatleft\">\n<h4 class=\"a-spacing-mini\">Taste<\/h4>\n<p>Sweet and smoky, Patr\u00f3n A\u00f1ejo can be enjoyed neat or in a craft cocktail and makes an incredible whisky substitute.<\/p>\n<\/div>\n<\/td>\n<td class=\"apm-top\">\n<div class=\"apm-eventhirdcol apm-floatleft\">\n<h4 class=\"a-spacing-mini\">Origins<\/h4>\n<p>Patr\u00f3n Tequilas are handcrafted at the Hacienda Patr\u00f3n distillery in Jalisco, Mexico where people are the heart of the process.<\/p>\n<\/div>\n<\/td>\n<\/tr>\n<\/tbody>\n<\/table>\n<\/div>\n<\/div>\n<div><\/div>\n<\/div>\n<\/div>\n<\/div>\n<div class=\"celwidget aplus-module module-12 aplus-standard\" data-cel-widget=\"aplus-module-12\" data-csa-c-id=\"7pqvq3-f4tcq3-bjxp1l-c6oja0\">\n<div class=\"a-expander-collapsed-height a-row a-expander-container a-expander-partial-collapse-container\" aria-live=\"polite\" data-a-expander-name=\"aplus-module-expander\" data-a-expander-collapsed-height=\"360\">\n<div class=\"a-expander-content a-expander-partial-collapse-content\" aria-expanded=\"false\">\n<div class=\"aplus-module-wrapper apm-spacing apm-floatnone apm-fixed-width\">\n<div class=\"apm-sidemodule aplus-module-content\">\n<div class=\"apm-hero-image\"><img decoding=\"async\" class=\"\" src=\"https:\/\/m.media-amazon.com\/images\/S\/aplus-media\/vc\/c39529e3-05e3-43cf-a05b-f4ec691ce965.__CR0,0,970,300_PT0_SX970_V1___.jpg\" alt=\"pb2\" data-src=\"https:\/\/m.media-amazon.com\/images\/S\/aplus-media\/vc\/c39529e3-05e3-43cf-a05b-f4ec691ce965.__CR0,0,970,300_PT0_SX970_V1___.jpg\" \/><\/div>\n<\/div>\n<\/div>\n<div><\/div>\n<\/div>\n<\/div>\n<\/div>\n<div class=\"celwidget aplus-module module-9 aplus-standard\" data-cel-widget=\"aplus-module-9\" data-csa-c-id=\"7v5zgl-bmu24c-ur6rey-jeok56\">\n<div class=\"a-expander-collapsed-height a-row a-expander-container a-expander-partial-collapse-container\" aria-live=\"polite\" data-a-expander-name=\"aplus-module-expander\" data-a-expander-collapsed-height=\"700\">\n<div class=\"a-expander-content a-expander-partial-collapse-content\" aria-expanded=\"false\">\n<div class=\"aplus-module-wrapper apm-fixed-width\">\n<div class=\"apm-spacing apm-fixed-width\">\n<table class=\"apm-fixed-width apm-eventhirdcol-table\">\n<tbody>\n<tr>\n<th class=\"apm-center\">\n<div class=\"apm-eventhirdcol apm-floatleft\">\n<p><img decoding=\"async\" class=\"a-spacing-mini\" src=\"https:\/\/m.media-amazon.com\/images\/S\/aplus-media\/vc\/71972a4f-b870-43cb-9cc9-45ac79d7c400.__CR0,0,1000,1000_PT0_SX300_V1___.jpg\" alt=\"pk4\" data-src=\"https:\/\/m.media-amazon.com\/images\/S\/aplus-media\/vc\/71972a4f-b870-43cb-9cc9-45ac79d7c400.__CR0,0,1000,1000_PT0_SX300_V1___.jpg\" \/><\/p>\n<\/div>\n<\/th>\n<th class=\"apm-center\">\n<div class=\"apm-eventhirdcol apm-floatleft\">\n<p><img decoding=\"async\" class=\"a-spacing-mini\" src=\"https:\/\/m.media-amazon.com\/images\/S\/aplus-media\/vc\/31d5d577-1d52-424d-a842-c9c4d9cea815.__CR0,0,1000,1000_PT0_SX300_V1___.jpg\" alt=\"pk5\" data-src=\"https:\/\/m.media-amazon.com\/images\/S\/aplus-media\/vc\/31d5d577-1d52-424d-a842-c9c4d9cea815.__CR0,0,1000,1000_PT0_SX300_V1___.jpg\" \/><\/p>\n<\/div>\n<\/th>\n<th class=\"apm-center\">\n<div class=\"apm-eventhirdcol apm-floatleft\">\n<p><img decoding=\"async\" class=\"a-spacing-mini\" src=\"https:\/\/m.media-amazon.com\/images\/S\/aplus-media\/vc\/b799a12e-c7cc-411b-aa97-74cf791693c0.__CR0,0,1000,1000_PT0_SX300_V1___.jpg\" alt=\"pk6\" data-src=\"https:\/\/m.media-amazon.com\/images\/S\/aplus-media\/vc\/b799a12e-c7cc-411b-aa97-74cf791693c0.__CR0,0,1000,1000_PT0_SX300_V1___.jpg\" \/><\/p>\n<\/div>\n<\/th>\n<\/tr>\n<tr>\n<td class=\"apm-top\">\n<div class=\"apm-eventhirdcol apm-floatleft\">\n<h4 class=\"a-spacing-mini\">Desperado<\/h4>\n<p>60ml Patr\u00f3n A\u00f1ejo<\/p>\n<p>22.5ml Martini Rosso Vermouth<\/p>\n<p>15ml Amontillado sherry<\/p>\n<p>7.5ml Cynar<\/p>\n<p>Orange twist for garnish<\/p>\n<\/div>\n<\/td>\n<td class=\"apm-top\">\n<div class=\"apm-eventhirdcol apm-floatleft\">\n<h4 class=\"a-spacing-mini\">Mai Tai<\/h4>\n<p>30ml Patr\u00f3n A\u00f1ejo<\/p>\n<p>15ml Patr\u00f3n Citr\u00f3nge Orange<\/p>\n<p>30ml Bacardi<\/p>\n<p>22.5ml Orgeat syrup<\/p>\n<p>22.5ml Lime juice<\/p>\n<p>Lime hull for garnish<\/p>\n<p>Mint sprig for garnish<\/p>\n<\/div>\n<\/td>\n<td class=\"apm-top\">\n<div class=\"apm-eventhirdcol apm-floatleft\">\n<h4 class=\"a-spacing-mini\">Bee Positive<\/h4>\n<p>45ml Patr\u00f3n A\u00f1ejo<\/p>\n<p>15ml Green Charteuse<\/p>\n<p>15ml Lime juice<\/p>\n<p>6ml Honey syrup<\/p>\n<p>7 cherry tomatoes, 2 for garnish<\/p>\n<p>Fresh black pepper for garnish<\/p>\n<\/div>\n<\/td>\n<\/tr>\n<\/tbody>\n<\/table>\n<\/div>\n<\/div>\n<\/div>\n<\/div>\n<\/div>\n<\/div>\n","protected":false},"excerpt":{"rendered":"<p>Patr\u00f3n A\u00f1ejo tequila is handcrafted from the one of the finest 100% Weber Blue Agave and is carefully distilled in small batches at the Hacienda Patr\u00f3n distillery in Jalisco, Mexico. It&#8217;s then aged in a combination of French oak, Hungarian oak and used American whiskey barrels<\/p>\n<table class=\"a-normal a-spacing-micro\">\n<tbody>\n<tr class=\"a-spacing-small\">\n<td class=\"a-span3\"><span class=\"a-size-base a-text-bold\">Alcohol Content<\/span><\/td>\n<td class=\"a-span9\"><span class=\"a-size-base\">40 Percent by Volume<\/span><\/td>\n<\/tr>\n<\/tbody>\n<\/table>\n","protected":false},"featured_media":2162,"comment_status":"open","ping_status":"closed","template":"","meta":{"om_disable_all_campaigns":false,"_mi_skip_tracking":false,"_exactmetrics_sitenote_active":false,"_exactmetrics_sitenote_note":"","_exactmetrics_sitenote_category":0,"_monsterinsights_sitenote_active":false,"_monsterinsights_sitenote_note":"","_monsterinsights_sitenote_category":0,"_uf_show_specific_survey":0,"_uf_disable_surveys":false},"product_brand":[],"product_cat":[29],"product_tag":[],"class_list":{"0":"post-403","1":"product","2":"type-product","3":"status-publish","4":"has-post-thumbnail","6":"product_cat-tequila","7":"zita-woo-hover-zoom","8":"zita-woo-alignment-left","9":"zita-shadow-2","10":"zita-shadow-hover-5","11":"zita-single-product-content-left","12":"zita-single-product-tab-","14":"first","15":"outofstock","16":"taxable","17":"shipping-taxable","18":"purchasable","19":"product-type-simple"},"aioseo_notices":[],"yoast_head":"<!-- This site is optimized with the Yoast SEO plugin v21.6 - https:\/\/yoast.com\/wordpress\/plugins\/seo\/ -->\n<title>Patr\u00f3n Tequila Reposado, 70cl - Hawana Gift Boutique<\/title>\n<meta name=\"robots\" content=\"index, follow, max-snippet:-1, max-image-preview:large, max-video-preview:-1\" \/>\n<link rel=\"canonical\" href=\"https:\/\/hawanacyprus.com\/index.php\/product\/tequila-patron-reposado-70cl\/\" \/>\n<meta property=\"og:locale\" content=\"en_US\" \/>\n<meta property=\"og:type\" content=\"article\" \/>\n<meta property=\"og:title\" content=\"Patr\u00f3n Tequila Reposado, 70cl - Hawana Gift Boutique\" \/>\n<meta property=\"og:description\" content=\"Patr\u00f3n A\u00f1ejo tequila is handcrafted from the one of the finest 100% Weber Blue Agave and is carefully distilled in small batches at the Hacienda Patr\u00f3n distillery in Jalisco, Mexico. It&#039;s then aged in a combination of French oak, Hungarian oak and used American whiskey barrels    Alcohol Content 40 Percent by Volume\" \/>\n<meta property=\"og:url\" content=\"https:\/\/hawanacyprus.com\/index.php\/product\/tequila-patron-reposado-70cl\/\" \/>\n<meta property=\"og:site_name\" content=\"Hawana Gift Boutique\" \/>\n<meta property=\"article:modified_time\" content=\"2024-06-10T14:34:35+00:00\" \/>\n<meta property=\"og:image\" content=\"https:\/\/hawanacyprus.com\/wp-content\/uploads\/2020\/12\/teqla_pat2.jpg\" \/>\n\t<meta property=\"og:image:width\" content=\"900\" \/>\n\t<meta property=\"og:image:height\" content=\"1200\" \/>\n\t<meta property=\"og:image:type\" content=\"image\/jpeg\" \/>\n<meta name=\"twitter:card\" content=\"summary_large_image\" \/>\n<meta name=\"twitter:label1\" content=\"Est. reading time\" \/>\n\t<meta name=\"twitter:data1\" content=\"1 minute\" \/>\n<script type=\"application\/ld+json\" class=\"yoast-schema-graph\">{\"@context\":\"https:\/\/schema.org\",\"@graph\":[{\"@type\":\"WebPage\",\"@id\":\"https:\/\/hawanacyprus.com\/index.php\/product\/tequila-patron-reposado-70cl\/\",\"url\":\"https:\/\/hawanacyprus.com\/index.php\/product\/tequila-patron-reposado-70cl\/\",\"name\":\"Patr\u00f3n Tequila Reposado, 70cl - Hawana Gift Boutique\",\"isPartOf\":{\"@id\":\"https:\/\/hawanacyprus.com\/#website\"},\"datePublished\":\"2020-12-12T10:15:53+00:00\",\"dateModified\":\"2024-06-10T14:34:35+00:00\",\"breadcrumb\":{\"@id\":\"https:\/\/hawanacyprus.com\/index.php\/product\/tequila-patron-reposado-70cl\/#breadcrumb\"},\"inLanguage\":\"en-US\",\"potentialAction\":[{\"@type\":\"ReadAction\",\"target\":[\"https:\/\/hawanacyprus.com\/index.php\/product\/tequila-patron-reposado-70cl\/\"]}]},{\"@type\":\"BreadcrumbList\",\"@id\":\"https:\/\/hawanacyprus.com\/index.php\/product\/tequila-patron-reposado-70cl\/#breadcrumb\",\"itemListElement\":[{\"@type\":\"ListItem\",\"position\":1,\"name\":\"Home\",\"item\":\"https:\/\/hawanacyprus.com\/\"},{\"@type\":\"ListItem\",\"position\":2,\"name\":\"Shop\",\"item\":\"https:\/\/hawanacyprus.com\/index.php\/shop\/\"},{\"@type\":\"ListItem\",\"position\":3,\"name\":\"Patr\u00f3n Tequila Reposado, 70cl\"}]},{\"@type\":\"WebSite\",\"@id\":\"https:\/\/hawanacyprus.com\/#website\",\"url\":\"https:\/\/hawanacyprus.com\/\",\"name\":\"Hawana Gift Boutique\",\"description\":\"Gift shop, Wine store, shisha shop, cigar shop, tea shop in Limassol, Cyprus\",\"publisher\":{\"@id\":\"https:\/\/hawanacyprus.com\/#organization\"},\"potentialAction\":[{\"@type\":\"SearchAction\",\"target\":{\"@type\":\"EntryPoint\",\"urlTemplate\":\"https:\/\/hawanacyprus.com\/?s={search_term_string}\"},\"query-input\":\"required name=search_term_string\"}],\"inLanguage\":\"en-US\"},{\"@type\":\"Organization\",\"@id\":\"https:\/\/hawanacyprus.com\/#organization\",\"name\":\"Hawana Gift Boutique\",\"url\":\"https:\/\/hawanacyprus.com\/\",\"logo\":{\"@type\":\"ImageObject\",\"inLanguage\":\"en-US\",\"@id\":\"https:\/\/hawanacyprus.com\/#\/schema\/logo\/image\/\",\"url\":\"https:\/\/hawanacyprus.com\/wp-content\/uploads\/2020\/11\/cropped-output-fullonlinepngtools-1-2.png\",\"contentUrl\":\"https:\/\/hawanacyprus.com\/wp-content\/uploads\/2020\/11\/cropped-output-fullonlinepngtools-1-2.png\",\"width\":4582,\"height\":843,\"caption\":\"Hawana Gift Boutique\"},\"image\":{\"@id\":\"https:\/\/hawanacyprus.com\/#\/schema\/logo\/image\/\"}}]}<\/script>\n<!-- \/ Yoast SEO plugin. -->","yoast_head_json":{"title":"Patr\u00f3n Tequila Reposado, 70cl - Hawana Gift Boutique","robots":{"index":"index","follow":"follow","max-snippet":"max-snippet:-1","max-image-preview":"max-image-preview:large","max-video-preview":"max-video-preview:-1"},"canonical":"https:\/\/hawanacyprus.com\/index.php\/product\/tequila-patron-reposado-70cl\/","og_locale":"en_US","og_type":"article","og_title":"Patr\u00f3n Tequila Reposado, 70cl - Hawana Gift Boutique","og_description":"Patr\u00f3n A\u00f1ejo tequila is handcrafted from the one of the finest 100% Weber Blue Agave and is carefully distilled in small batches at the Hacienda Patr\u00f3n distillery in Jalisco, Mexico. It's then aged in a combination of French oak, Hungarian oak and used American whiskey barrels    Alcohol Content 40 Percent by Volume","og_url":"https:\/\/hawanacyprus.com\/index.php\/product\/tequila-patron-reposado-70cl\/","og_site_name":"Hawana Gift Boutique","article_modified_time":"2024-06-10T14:34:35+00:00","og_image":[{"width":900,"height":1200,"url":"https:\/\/hawanacyprus.com\/wp-content\/uploads\/2020\/12\/teqla_pat2.jpg","type":"image\/jpeg"}],"twitter_card":"summary_large_image","twitter_misc":{"Est. reading time":"1 minute"},"schema":{"@context":"https:\/\/schema.org","@graph":[{"@type":"WebPage","@id":"https:\/\/hawanacyprus.com\/index.php\/product\/tequila-patron-reposado-70cl\/","url":"https:\/\/hawanacyprus.com\/index.php\/product\/tequila-patron-reposado-70cl\/","name":"Patr\u00f3n Tequila Reposado, 70cl - Hawana Gift Boutique","isPartOf":{"@id":"https:\/\/hawanacyprus.com\/#website"},"datePublished":"2020-12-12T10:15:53+00:00","dateModified":"2024-06-10T14:34:35+00:00","breadcrumb":{"@id":"https:\/\/hawanacyprus.com\/index.php\/product\/tequila-patron-reposado-70cl\/#breadcrumb"},"inLanguage":"en-US","potentialAction":[{"@type":"ReadAction","target":["https:\/\/hawanacyprus.com\/index.php\/product\/tequila-patron-reposado-70cl\/"]}]},{"@type":"BreadcrumbList","@id":"https:\/\/hawanacyprus.com\/index.php\/product\/tequila-patron-reposado-70cl\/#breadcrumb","itemListElement":[{"@type":"ListItem","position":1,"name":"Home","item":"https:\/\/hawanacyprus.com\/"},{"@type":"ListItem","position":2,"name":"Shop","item":"https:\/\/hawanacyprus.com\/index.php\/shop\/"},{"@type":"ListItem","position":3,"name":"Patr\u00f3n Tequila Reposado, 70cl"}]},{"@type":"WebSite","@id":"https:\/\/hawanacyprus.com\/#website","url":"https:\/\/hawanacyprus.com\/","name":"Hawana Gift Boutique","description":"Gift shop, Wine store, shisha shop, cigar shop, tea shop in Limassol, Cyprus","publisher":{"@id":"https:\/\/hawanacyprus.com\/#organization"},"potentialAction":[{"@type":"SearchAction","target":{"@type":"EntryPoint","urlTemplate":"https:\/\/hawanacyprus.com\/?s={search_term_string}"},"query-input":"required name=search_term_string"}],"inLanguage":"en-US"},{"@type":"Organization","@id":"https:\/\/hawanacyprus.com\/#organization","name":"Hawana Gift Boutique","url":"https:\/\/hawanacyprus.com\/","logo":{"@type":"ImageObject","inLanguage":"en-US","@id":"https:\/\/hawanacyprus.com\/#\/schema\/logo\/image\/","url":"https:\/\/hawanacyprus.com\/wp-content\/uploads\/2020\/11\/cropped-output-fullonlinepngtools-1-2.png","contentUrl":"https:\/\/hawanacyprus.com\/wp-content\/uploads\/2020\/11\/cropped-output-fullonlinepngtools-1-2.png","width":4582,"height":843,"caption":"Hawana Gift Boutique"},"image":{"@id":"https:\/\/hawanacyprus.com\/#\/schema\/logo\/image\/"}}]}},"jetpack_sharing_enabled":true,"_links":{"self":[{"href":"https:\/\/hawanacyprus.com\/index.php\/wp-json\/wp\/v2\/product\/403","targetHints":{"allow":["GET"]}}],"collection":[{"href":"https:\/\/hawanacyprus.com\/index.php\/wp-json\/wp\/v2\/product"}],"about":[{"href":"https:\/\/hawanacyprus.com\/index.php\/wp-json\/wp\/v2\/types\/product"}],"replies":[{"embeddable":true,"href":"https:\/\/hawanacyprus.com\/index.php\/wp-json\/wp\/v2\/comments?post=403"}],"wp:featuredmedia":[{"embeddable":true,"href":"https:\/\/hawanacyprus.com\/index.php\/wp-json\/wp\/v2\/media\/2162"}],"wp:attachment":[{"href":"https:\/\/hawanacyprus.com\/index.php\/wp-json\/wp\/v2\/media?parent=403"}],"wp:term":[{"taxonomy":"product_brand","embeddable":true,"href":"https:\/\/hawanacyprus.com\/index.php\/wp-json\/wp\/v2\/product_brand?post=403"},{"taxonomy":"product_cat","embeddable":true,"href":"https:\/\/hawanacyprus.com\/index.php\/wp-json\/wp\/v2\/product_cat?post=403"},{"taxonomy":"product_tag","embeddable":true,"href":"https:\/\/hawanacyprus.com\/index.php\/wp-json\/wp\/v2\/product_tag?post=403"}],"curies":[{"name":"wp","href":"https:\/\/api.w.org\/{rel}","templated":true}]}}