{"id":3522,"date":"2022-08-23T15:31:45","date_gmt":"2022-08-23T12:31:45","guid":{"rendered":"https:\/\/hawanacyprus.com\/?post_type=product&#038;p=3522"},"modified":"2024-12-27T17:58:41","modified_gmt":"2024-12-27T15:58:41","slug":"cognac-frapin-extra-70cl-40-vol-decanter-in-giftbox","status":"publish","type":"product","link":"https:\/\/hawanacyprus.com\/index.php\/product\/cognac-frapin-extra-70cl-40-vol-decanter-in-giftbox\/","title":{"rendered":"Cognac Frapin Extra 70cl 40% vol. Decanter in Giftbox"},"content":{"rendered":"<div class=\"vc_custom_heading_wrap \">\n<div class=\"heading-text el-text\">\n<h2 class=\"h2 text-color-163015-color text-uppercase\">COLOUR &amp; BOUQUET<\/h2>\n<\/div>\n<div class=\"clear\"><\/div>\n<\/div>\n<div class=\"uncode_text_column justify\">\n<p>The Extra offers a wonderful mahogany colour with warm copper highlights.<\/p>\n<p>The bouquet is very smooth, complex, developed aromas of aged port mixed with the scent of wooden cigar boxes, typical of old Grande Champagne cognacs, which appear after a very long ageing. Concentrated candied fruit aromas like apricot.<\/p>\n<div class=\"vc_custom_heading_wrap \">\n<div class=\"heading-text el-text\">\n<h2 class=\"h2 text-color-163015-color text-uppercase\">PALATE<\/h2>\n<\/div>\n<div class=\"clear\"><\/div>\n<\/div>\n<div class=\"uncode_text_column justify\">\n<p>The palate is supple, smooth, rich and luxurious, with an exceptionally long finish in which all the flavours combine in a subtle and complex harmony. Notes on the bouquet include the famous \u00abrancio\u00bb (oxidative notes) found in Grande Champagne cognacs distilled over lees and aged for several decades. To be enjoyed on its own or as an accompaniment for a special tasting experience beloved of both amateurs and the most experienced enthusiasts. An exceptional after-dinner drink thanks to its fruitiness and finesse.<\/p>\n<p><em>\u00abSuppleness, exceptionally long finish\u2026 can be enjoyed to infinity!\u00bb.<\/em><br \/>\n<strong><em>Patrice Piveteau, Cellar Master<\/em><\/strong><\/p>\n<div class=\"vc_custom_heading_wrap \">\n<div class=\"heading-text el-text\">\n<h2 class=\"h2 text-color-xsdn-color text-uppercase\">AWARDS<\/h2>\n<\/div>\n<div class=\"clear\"><\/div>\n<\/div>\n<div class=\"uncode_text_column liste-recompenses\">\n<ul>\n<li><strong>2022<\/strong><span class=\"titre-recompense\">ISW\u00a0\u2013 DE<br \/>\n<span class=\"type-recompense\">Gold medal<\/span><\/span><\/li>\n<li><strong>2021\u00a0<\/strong>World Cognac Awards<span class=\"titre-recompense\"><br \/>\n<span class=\"type-recompense\">Gold medal<\/span><\/span><\/li>\n<\/ul>\n<ul>\n<li><strong>2020<\/strong>The Cognac Master Asia<span class=\"titre-recompense\"><br \/>\n<span class=\"type-recompense\">Master<\/span><\/span><\/li>\n<li><strong>2019<\/strong><span class=\"titre-recompense\">ISW\u00a0\u2013 DE<br \/>\n<span class=\"type-recompense\">Gold medal<\/span><\/span><\/li>\n<li><strong>2016<\/strong><span class=\"titre-recompense\">The Ultimate Spirits Challenge \u2013 USA<br \/>\n<span class=\"type-recompense\">97\/100 \u00ab Chairman\u2019s Trophy \u00bb<\/span><\/span><\/li>\n<li><strong>2016<\/strong><span class=\"titre-recompense\">The Cognac Masters \u2013 UK<br \/>\n<span class=\"type-recompense\">Gold medal<\/span><\/span><\/li>\n<li><strong>2016<\/strong><span class=\"titre-recompense\">Gilbert&amp;Gaillard \u2013 FR<br \/>\n<span class=\"type-recompense\">98\/100<\/span><\/span><\/li>\n<\/ul>\n<div class=\"vc_custom_heading_wrap \">\n<div class=\"heading-text el-text\">\n<h2 class=\"h2 text-color-163015-color text-uppercase\">GASTRONOMY<\/h2>\n<\/div>\n<div class=\"clear\"><\/div>\n<\/div>\n<div class=\"uncode_text_column justify\">\n<p>The supple, smooth, rich, luxurious palate and the exceptional long finish of Frapin Extra goes together with a lot of desserts. Discover some examples where flavours are combined with subtility and complexity.<\/p>\n<p><strong>Some examples :<\/strong><br \/>\n\u2013 Cr\u00e8me br\u00fbl\u00e9e<br \/>\n\u2013 Chocolate and banana pie<br \/>\n\u2013 Pear with caramel<br \/>\n\u2013 Tarte tatin with apples<br \/>\n\u2013 lace biscuit with cocoa freezing tiramisu<br \/>\n\u2013 Macaroon stuffed with chocolate, cocoa sorbet<br \/>\n\u2013 Pear pie, pear caramel<br \/>\n\u2013 Chocolate fondant and coulis of caramel<br \/>\n\u2013 Chocolate pie, praline ice cream<\/p>\n<\/div>\n<\/div>\n<\/div>\n<\/div>\n","protected":false},"excerpt":{"rendered":"<div class=\"vc_custom_heading_wrap \">\n<div class=\"heading-text el-text\">\n<div class=\"text-top-reduced\">\n<p>SINGLE FAMILY ESTATE<br \/>\n100 % GRANDE CHAMPAGNE &#8211; PREMIER CRU DE COGNAC<\/p>\n<\/div>\n<\/div>\n<\/div>\n<div class=\"uncode_text_column lettrine\">\n<p>A blend taken from the ancient family reserve kept by Pierre Frapin and his descendants. Harvested, distilled over lees and aged at the estate, this exceptional cognac ages only in the dry cellars over a number of decades in order to gain its beautiful finesse and elegance. Its new gift pack with its contemporary design and \u201cr\u00e9tro\u201d spirit take its inspiration from the jeweller\u2019s craft.<\/p>\n<\/div>\n","protected":false},"featured_media":3526,"comment_status":"open","ping_status":"closed","template":"","meta":{"om_disable_all_campaigns":false,"_mi_skip_tracking":false,"_exactmetrics_sitenote_active":false,"_exactmetrics_sitenote_note":"","_exactmetrics_sitenote_category":0,"_monsterinsights_sitenote_active":false,"_monsterinsights_sitenote_note":"","_monsterinsights_sitenote_category":0,"_uf_show_specific_survey":0,"_uf_disable_surveys":false},"product_brand":[],"product_cat":[24,351],"product_tag":[],"class_list":{"0":"post-3522","1":"product","2":"type-product","3":"status-publish","4":"has-post-thumbnail","6":"product_cat-cognac-frapin","7":"product_cat-gift-ideas","8":"zita-woo-hover-zoom","9":"zita-woo-alignment-left","10":"zita-shadow-2","11":"zita-shadow-hover-5","12":"zita-single-product-content-left","13":"zita-single-product-tab-","15":"first","16":"instock","17":"taxable","18":"shipping-taxable","19":"purchasable","20":"product-type-simple"},"aioseo_notices":[],"yoast_head":"<!-- This site is optimized with the Yoast SEO plugin v21.6 - https:\/\/yoast.com\/wordpress\/plugins\/seo\/ -->\n<title>Cognac Frapin Extra 70cl 40% vol. Decanter in Giftbox - Hawana Gift Boutique<\/title>\n<meta name=\"description\" content=\"Cognac Frapin Extra 70cl Giftbox SINGLE FAMILY ESTATE GRANDE CHAMPAGNE - PREMIER CRU DE COGNAC available at hawana gift boutique limassol CYPRUS\" \/>\n<meta name=\"robots\" content=\"index, follow, max-snippet:-1, max-image-preview:large, max-video-preview:-1\" \/>\n<link rel=\"canonical\" href=\"https:\/\/hawanacyprus.com\/index.php\/product\/cognac-frapin-extra-70cl-40-vol-decanter-in-giftbox\/\" \/>\n<meta property=\"og:locale\" content=\"en_US\" \/>\n<meta property=\"og:type\" content=\"article\" \/>\n<meta property=\"og:title\" content=\"Cognac Frapin Extra 70cl 40% vol. Decanter in Giftbox - Hawana Gift Boutique\" \/>\n<meta property=\"og:description\" content=\"Cognac Frapin Extra 70cl Giftbox SINGLE FAMILY ESTATE GRANDE CHAMPAGNE - PREMIER CRU DE COGNAC available at hawana gift boutique limassol CYPRUS\" \/>\n<meta property=\"og:url\" content=\"https:\/\/hawanacyprus.com\/index.php\/product\/cognac-frapin-extra-70cl-40-vol-decanter-in-giftbox\/\" \/>\n<meta property=\"og:site_name\" content=\"Hawana Gift Boutique\" \/>\n<meta property=\"article:modified_time\" content=\"2024-12-27T15:58:41+00:00\" \/>\n<meta property=\"og:image\" content=\"https:\/\/hawanacyprus.com\/wp-content\/uploads\/2022\/08\/frapin-extra-cognac.webp\" \/>\n\t<meta property=\"og:image:width\" content=\"800\" \/>\n\t<meta property=\"og:image:height\" content=\"800\" \/>\n\t<meta property=\"og:image:type\" content=\"image\/webp\" \/>\n<meta name=\"twitter:card\" content=\"summary_large_image\" \/>\n<meta name=\"twitter:label1\" content=\"Est. reading time\" \/>\n\t<meta name=\"twitter:data1\" content=\"2 minutes\" \/>\n<script type=\"application\/ld+json\" class=\"yoast-schema-graph\">{\"@context\":\"https:\/\/schema.org\",\"@graph\":[{\"@type\":\"WebPage\",\"@id\":\"https:\/\/hawanacyprus.com\/index.php\/product\/cognac-frapin-extra-70cl-40-vol-decanter-in-giftbox\/\",\"url\":\"https:\/\/hawanacyprus.com\/index.php\/product\/cognac-frapin-extra-70cl-40-vol-decanter-in-giftbox\/\",\"name\":\"Cognac Frapin Extra 70cl 40% vol. Decanter in Giftbox - Hawana Gift Boutique\",\"isPartOf\":{\"@id\":\"https:\/\/hawanacyprus.com\/#website\"},\"datePublished\":\"2022-08-23T12:31:45+00:00\",\"dateModified\":\"2024-12-27T15:58:41+00:00\",\"description\":\"Cognac Frapin Extra 70cl Giftbox SINGLE FAMILY ESTATE GRANDE CHAMPAGNE - PREMIER CRU DE COGNAC available at hawana gift boutique limassol CYPRUS\",\"breadcrumb\":{\"@id\":\"https:\/\/hawanacyprus.com\/index.php\/product\/cognac-frapin-extra-70cl-40-vol-decanter-in-giftbox\/#breadcrumb\"},\"inLanguage\":\"en-US\",\"potentialAction\":[{\"@type\":\"ReadAction\",\"target\":[\"https:\/\/hawanacyprus.com\/index.php\/product\/cognac-frapin-extra-70cl-40-vol-decanter-in-giftbox\/\"]}]},{\"@type\":\"BreadcrumbList\",\"@id\":\"https:\/\/hawanacyprus.com\/index.php\/product\/cognac-frapin-extra-70cl-40-vol-decanter-in-giftbox\/#breadcrumb\",\"itemListElement\":[{\"@type\":\"ListItem\",\"position\":1,\"name\":\"Home\",\"item\":\"https:\/\/hawanacyprus.com\/\"},{\"@type\":\"ListItem\",\"position\":2,\"name\":\"Shop\",\"item\":\"https:\/\/hawanacyprus.com\/index.php\/shop\/\"},{\"@type\":\"ListItem\",\"position\":3,\"name\":\"Cognac Frapin Extra 70cl 40% vol. Decanter in Giftbox\"}]},{\"@type\":\"WebSite\",\"@id\":\"https:\/\/hawanacyprus.com\/#website\",\"url\":\"https:\/\/hawanacyprus.com\/\",\"name\":\"Hawana Gift Boutique\",\"description\":\"Gift shop, Wine store, shisha shop, cigar shop, tea shop in Limassol, Cyprus\",\"publisher\":{\"@id\":\"https:\/\/hawanacyprus.com\/#organization\"},\"potentialAction\":[{\"@type\":\"SearchAction\",\"target\":{\"@type\":\"EntryPoint\",\"urlTemplate\":\"https:\/\/hawanacyprus.com\/?s={search_term_string}\"},\"query-input\":\"required name=search_term_string\"}],\"inLanguage\":\"en-US\"},{\"@type\":\"Organization\",\"@id\":\"https:\/\/hawanacyprus.com\/#organization\",\"name\":\"Hawana Gift Boutique\",\"url\":\"https:\/\/hawanacyprus.com\/\",\"logo\":{\"@type\":\"ImageObject\",\"inLanguage\":\"en-US\",\"@id\":\"https:\/\/hawanacyprus.com\/#\/schema\/logo\/image\/\",\"url\":\"https:\/\/hawanacyprus.com\/wp-content\/uploads\/2020\/11\/cropped-output-fullonlinepngtools-1-2.png\",\"contentUrl\":\"https:\/\/hawanacyprus.com\/wp-content\/uploads\/2020\/11\/cropped-output-fullonlinepngtools-1-2.png\",\"width\":4582,\"height\":843,\"caption\":\"Hawana Gift Boutique\"},\"image\":{\"@id\":\"https:\/\/hawanacyprus.com\/#\/schema\/logo\/image\/\"}}]}<\/script>\n<!-- \/ Yoast SEO plugin. -->","yoast_head_json":{"title":"Cognac Frapin Extra 70cl 40% vol. Decanter in Giftbox - Hawana Gift Boutique","description":"Cognac Frapin Extra 70cl Giftbox SINGLE FAMILY ESTATE GRANDE CHAMPAGNE - PREMIER CRU DE COGNAC available at hawana gift boutique limassol CYPRUS","robots":{"index":"index","follow":"follow","max-snippet":"max-snippet:-1","max-image-preview":"max-image-preview:large","max-video-preview":"max-video-preview:-1"},"canonical":"https:\/\/hawanacyprus.com\/index.php\/product\/cognac-frapin-extra-70cl-40-vol-decanter-in-giftbox\/","og_locale":"en_US","og_type":"article","og_title":"Cognac Frapin Extra 70cl 40% vol. Decanter in Giftbox - Hawana Gift Boutique","og_description":"Cognac Frapin Extra 70cl Giftbox SINGLE FAMILY ESTATE GRANDE CHAMPAGNE - PREMIER CRU DE COGNAC available at hawana gift boutique limassol CYPRUS","og_url":"https:\/\/hawanacyprus.com\/index.php\/product\/cognac-frapin-extra-70cl-40-vol-decanter-in-giftbox\/","og_site_name":"Hawana Gift Boutique","article_modified_time":"2024-12-27T15:58:41+00:00","og_image":[{"width":800,"height":800,"url":"https:\/\/hawanacyprus.com\/wp-content\/uploads\/2022\/08\/frapin-extra-cognac.webp","type":"image\/webp"}],"twitter_card":"summary_large_image","twitter_misc":{"Est. reading time":"2 minutes"},"schema":{"@context":"https:\/\/schema.org","@graph":[{"@type":"WebPage","@id":"https:\/\/hawanacyprus.com\/index.php\/product\/cognac-frapin-extra-70cl-40-vol-decanter-in-giftbox\/","url":"https:\/\/hawanacyprus.com\/index.php\/product\/cognac-frapin-extra-70cl-40-vol-decanter-in-giftbox\/","name":"Cognac Frapin Extra 70cl 40% vol. Decanter in Giftbox - Hawana Gift Boutique","isPartOf":{"@id":"https:\/\/hawanacyprus.com\/#website"},"datePublished":"2022-08-23T12:31:45+00:00","dateModified":"2024-12-27T15:58:41+00:00","description":"Cognac Frapin Extra 70cl Giftbox SINGLE FAMILY ESTATE GRANDE CHAMPAGNE - PREMIER CRU DE COGNAC available at hawana gift boutique limassol CYPRUS","breadcrumb":{"@id":"https:\/\/hawanacyprus.com\/index.php\/product\/cognac-frapin-extra-70cl-40-vol-decanter-in-giftbox\/#breadcrumb"},"inLanguage":"en-US","potentialAction":[{"@type":"ReadAction","target":["https:\/\/hawanacyprus.com\/index.php\/product\/cognac-frapin-extra-70cl-40-vol-decanter-in-giftbox\/"]}]},{"@type":"BreadcrumbList","@id":"https:\/\/hawanacyprus.com\/index.php\/product\/cognac-frapin-extra-70cl-40-vol-decanter-in-giftbox\/#breadcrumb","itemListElement":[{"@type":"ListItem","position":1,"name":"Home","item":"https:\/\/hawanacyprus.com\/"},{"@type":"ListItem","position":2,"name":"Shop","item":"https:\/\/hawanacyprus.com\/index.php\/shop\/"},{"@type":"ListItem","position":3,"name":"Cognac Frapin Extra 70cl 40% vol. Decanter in Giftbox"}]},{"@type":"WebSite","@id":"https:\/\/hawanacyprus.com\/#website","url":"https:\/\/hawanacyprus.com\/","name":"Hawana Gift Boutique","description":"Gift shop, Wine store, shisha shop, cigar shop, tea shop in Limassol, Cyprus","publisher":{"@id":"https:\/\/hawanacyprus.com\/#organization"},"potentialAction":[{"@type":"SearchAction","target":{"@type":"EntryPoint","urlTemplate":"https:\/\/hawanacyprus.com\/?s={search_term_string}"},"query-input":"required name=search_term_string"}],"inLanguage":"en-US"},{"@type":"Organization","@id":"https:\/\/hawanacyprus.com\/#organization","name":"Hawana Gift Boutique","url":"https:\/\/hawanacyprus.com\/","logo":{"@type":"ImageObject","inLanguage":"en-US","@id":"https:\/\/hawanacyprus.com\/#\/schema\/logo\/image\/","url":"https:\/\/hawanacyprus.com\/wp-content\/uploads\/2020\/11\/cropped-output-fullonlinepngtools-1-2.png","contentUrl":"https:\/\/hawanacyprus.com\/wp-content\/uploads\/2020\/11\/cropped-output-fullonlinepngtools-1-2.png","width":4582,"height":843,"caption":"Hawana Gift Boutique"},"image":{"@id":"https:\/\/hawanacyprus.com\/#\/schema\/logo\/image\/"}}]}},"jetpack_sharing_enabled":true,"_links":{"self":[{"href":"https:\/\/hawanacyprus.com\/index.php\/wp-json\/wp\/v2\/product\/3522","targetHints":{"allow":["GET"]}}],"collection":[{"href":"https:\/\/hawanacyprus.com\/index.php\/wp-json\/wp\/v2\/product"}],"about":[{"href":"https:\/\/hawanacyprus.com\/index.php\/wp-json\/wp\/v2\/types\/product"}],"replies":[{"embeddable":true,"href":"https:\/\/hawanacyprus.com\/index.php\/wp-json\/wp\/v2\/comments?post=3522"}],"wp:featuredmedia":[{"embeddable":true,"href":"https:\/\/hawanacyprus.com\/index.php\/wp-json\/wp\/v2\/media\/3526"}],"wp:attachment":[{"href":"https:\/\/hawanacyprus.com\/index.php\/wp-json\/wp\/v2\/media?parent=3522"}],"wp:term":[{"taxonomy":"product_brand","embeddable":true,"href":"https:\/\/hawanacyprus.com\/index.php\/wp-json\/wp\/v2\/product_brand?post=3522"},{"taxonomy":"product_cat","embeddable":true,"href":"https:\/\/hawanacyprus.com\/index.php\/wp-json\/wp\/v2\/product_cat?post=3522"},{"taxonomy":"product_tag","embeddable":true,"href":"https:\/\/hawanacyprus.com\/index.php\/wp-json\/wp\/v2\/product_tag?post=3522"}],"curies":[{"name":"wp","href":"https:\/\/api.w.org\/{rel}","templated":true}]}}